{"id":1290,"date":"2020-09-21T15:52:56","date_gmt":"2020-09-21T13:52:56","guid":{"rendered":"http:\/\/handimel.fr\/?page_id=1290"},"modified":"2023-10-20T16:39:20","modified_gmt":"2023-10-20T14:39:20","slug":"jeux-de-societe-2","status":"publish","type":"page","link":"http:\/\/handimel.fr\/index.php\/jeux-de-societe-2\/","title":{"rendered":"Jeux de soci\u00e9t\u00e9"},"content":{"rendered":"\n<p>Planet&rsquo;Jeux anime pour nous 2h\/mois. Lors de ses ateliers nous d\u00e9couvrirons de nouveaux jeux de soci\u00e9t\u00e9, il y en a pour tous les go\u00fbts! Tous ces ateliers se passent dans des caf\u00e9s accessibles du Mans, ou dans des structures adapt\u00e9es. <\/p>\n\n\n\n<p class=\"has-text-align-center has-luminous-vivid-orange-background-color has-background\"><strong>Saison<\/strong> <strong>2023-2024<\/strong><\/p>\n\n\n\n<p><strong>Prochains rdv :<\/strong><\/p>\n\n\n\n<ul class=\"wp-block-list\"><li><strong>le jeudi 23 novembre 2023<\/strong>, de 15h \u00e0 16h30, lors de la semaine europ\u00e9enne pour le travail des handicap\u00e9s. Le lieu reste \u00e0 d\u00e9finir.<\/li><\/ul>\n\n\n\n<ul class=\"wp-block-list\"><li><strong>le mardi 17 octobre 2023<\/strong>, de 15h \u00e0 16h30, au ch\u00e2piteau.<\/li><\/ul>\n\n\n\n<p><\/p>\n","protected":false},"excerpt":{"rendered":"<p>Planet&rsquo;Jeux anime pour nous 2h\/mois. Lors de ses ateliers nous d\u00e9couvrirons de nouveaux jeux de soci\u00e9t\u00e9, il y en a pour tous les go\u00fbts! Tous ces ateliers se passent dans &hellip; <\/p>\n<p class=\"link-more\"><a href=\"http:\/\/handimel.fr\/index.php\/jeux-de-societe-2\/\" class=\"more-link\">Continuer la lecture<span class=\"screen-reader-text\"> de &laquo;&nbsp;Jeux de soci\u00e9t\u00e9&nbsp;&raquo;<\/span><\/a><\/p>\n","protected":false},"author":3,"featured_media":0,"parent":0,"menu_order":0,"comment_status":"closed","ping_status":"closed","template":"","meta":{"footnotes":""},"class_list":["post-1290","page","type-page","status-publish","hentry"],"_links":{"self":[{"href":"http:\/\/handimel.fr\/index.php\/wp-json\/wp\/v2\/pages\/1290","targetHints":{"allow":["GET"]}}],"collection":[{"href":"http:\/\/handimel.fr\/index.php\/wp-json\/wp\/v2\/pages"}],"about":[{"href":"http:\/\/handimel.fr\/index.php\/wp-json\/wp\/v2\/types\/page"}],"author":[{"embeddable":true,"href":"http:\/\/handimel.fr\/index.php\/wp-json\/wp\/v2\/users\/3"}],"replies":[{"embeddable":true,"href":"http:\/\/handimel.fr\/index.php\/wp-json\/wp\/v2\/comments?post=1290"}],"version-history":[{"count":19,"href":"http:\/\/handimel.fr\/index.php\/wp-json\/wp\/v2\/pages\/1290\/revisions"}],"predecessor-version":[{"id":2118,"href":"http:\/\/handimel.fr\/index.php\/wp-json\/wp\/v2\/pages\/1290\/revisions\/2118"}],"wp:attachment":[{"href":"http:\/\/handimel.fr\/index.php\/wp-json\/wp\/v2\/media?parent=1290"}],"curies":[{"name":"wp","href":"https:\/\/api.w.org\/{rel}","templated":true}]}}